{"id":336,"date":"2026-04-30T08:48:31","date_gmt":"2026-04-30T08:48:31","guid":{"rendered":"https:\/\/colegiul-racovita.ro\/wp\/?page_id=336"},"modified":"2026-04-30T08:48:32","modified_gmt":"2026-04-30T08:48:32","slug":"bacalaureat","status":"publish","type":"page","link":"https:\/\/colegiul-racovita.ro\/wp\/bacalaureat\/","title":{"rendered":"Bacalaureat"},"content":{"rendered":"\n<p><strong>Examenul na\u021bional de bacalaureat 2026&nbsp;(ambele sesiuni) se va desf\u0103\u015fura&nbsp;\u00een conformitate cu&nbsp;prevederile&nbsp;<a href=\"https:\/\/www.edu.ro\/sites\/default\/files\/_fi%C8%99iere\/Legislatie\/2025\/OMEC_6059_2025.pdf\" target=\"_blank\" rel=\"noreferrer noopener\">ordinului de ministru nr. 6.059\/29.08.2025<\/a>,&nbsp;prevederile art. 1 alin. (3) \u0219i ale art. 3 din&nbsp;<a href=\"https:\/\/www.edu.ro\/sites\/default\/files\/_fi%C8%99iere\/Legislatie\/2023\/legislatie_subsecventa_LegiEdu\/OM_6072_2023.pdf\" target=\"_blank\" rel=\"noreferrer noopener\"><strong>Ordinul ministrului educa\u021biei nr. 6.072\/2023<\/strong><\/a>&nbsp;privind aprobarea unor m\u0103suri tranzitorii aplicabile la nivelul sistemului na\u021bional de \u00eenv\u0103\u021b\u0103m\u00e2nt preuniversitar \u0219i superior, cu modific\u0103rile ulterioare,&nbsp;respectiv prevederile&nbsp;<a href=\"http:\/\/www.edu.ro\/sites\/default\/files\/fisiere%20articole\/Anexa_2_Metodologia_bacalaureat_2011.pdf\" target=\"_blank\" rel=\"noreferrer noopener\">Metodologiei de organizare \u015fi desf\u0103\u015furare a examenului de Bacalaureat &#8211; 2011<\/a>&nbsp;(aprobat\u0103 prin ordinul ministrului educa\u0163iei, cercet\u0103rii, tineretului \u015fi sportului nr. 4.799\/2010).<\/strong><\/p>\n\n\n\n<ul class=\"wp-block-list\">\n<li><strong>[NOU]&nbsp;<a href=\"https:\/\/www.edu.ro\/sites\/default\/files\/_fi%C8%99iere\/Minister\/2025\/div\/Procedura_egalizare_sanse_examene_2026.pdf\" target=\"_blank\" rel=\"noreferrer noopener\"><strong>PROCEDUR\u0102<\/strong><\/a>&nbsp;cu privire&nbsp;la asigurarea condi\u021biilor de egalizare a \u0219anselor pentru elevii cu deficien\u021be de&nbsp;vedere, deficien\u021be de auz \u0219i tulbur\u0103ri de neurodezvoltare&nbsp;care sus\u021bin examenele na\u021bionale:&nbsp;evaluarea na\u021bional\u0103 pentru absolven\u021bii clasei a VIII-a \u0219i&nbsp;examenul na\u021bional de bacalaureat &#8211; sesiunea 2026<\/strong>\n<ul class=\"wp-block-list\">\n<li><strong>Descarc\u0103 \u200b\u200b(arhiv\u0103 RAR: fi\u0219ier editabil + pdf):&nbsp;<a href=\"https:\/\/www.edu.ro\/sites\/default\/files\/_fi%C8%99iere\/Minister\/2025\/div\/Anexa-1-Cerere-egalizare-sanse-bacalaureat.rar\">Model cerere examen bacalaureat<\/a>&nbsp;(cererea va&nbsp;fi completat\u0103 de p\u0103rinte\/tutore\/reprezentant legal al elevei\/elevului\/candidatei\/candidatului)<\/strong><\/li>\n<\/ul>\n<\/li>\n<\/ul>\n\n\n\n<p><strong>Calendar\u00a0sesiune iunie &#8211; iulie 2026<\/strong><\/p>\n\n\n<div class=\"wp-block-image\">\n<figure class=\"aligncenter size-full\"><img loading=\"lazy\" decoding=\"async\" width=\"715\" height=\"664\" src=\"https:\/\/colegiul-racovita.ro\/wp\/wp-content\/uploads\/2026\/04\/image-10.png\" alt=\"\" class=\"wp-image-337\" srcset=\"https:\/\/colegiul-racovita.ro\/wp\/wp-content\/uploads\/2026\/04\/image-10.png 715w, https:\/\/colegiul-racovita.ro\/wp\/wp-content\/uploads\/2026\/04\/image-10-300x279.png 300w, https:\/\/colegiul-racovita.ro\/wp\/wp-content\/uploads\/2026\/04\/image-10-291x270.png 291w\" sizes=\"auto, (max-width: 715px) 100vw, 715px\" \/><\/figure>\n<\/div>\n\n<div class=\"wp-block-image\">\n<figure class=\"aligncenter size-full\"><img loading=\"lazy\" decoding=\"async\" width=\"783\" height=\"657\" src=\"https:\/\/colegiul-racovita.ro\/wp\/wp-content\/uploads\/2026\/04\/image-11.png\" alt=\"\" class=\"wp-image-338\" srcset=\"https:\/\/colegiul-racovita.ro\/wp\/wp-content\/uploads\/2026\/04\/image-11.png 783w, https:\/\/colegiul-racovita.ro\/wp\/wp-content\/uploads\/2026\/04\/image-11-300x252.png 300w, https:\/\/colegiul-racovita.ro\/wp\/wp-content\/uploads\/2026\/04\/image-11-768x644.png 768w, https:\/\/colegiul-racovita.ro\/wp\/wp-content\/uploads\/2026\/04\/image-11-322x270.png 322w\" sizes=\"auto, (max-width: 783px) 100vw, 783px\" \/><\/figure>\n<\/div>\n\n<div class=\"wp-block-image\">\n<figure class=\"aligncenter size-full\"><img loading=\"lazy\" decoding=\"async\" width=\"717\" height=\"659\" src=\"https:\/\/colegiul-racovita.ro\/wp\/wp-content\/uploads\/2026\/04\/image-12.png\" alt=\"\" class=\"wp-image-339\" srcset=\"https:\/\/colegiul-racovita.ro\/wp\/wp-content\/uploads\/2026\/04\/image-12.png 717w, https:\/\/colegiul-racovita.ro\/wp\/wp-content\/uploads\/2026\/04\/image-12-300x276.png 300w, https:\/\/colegiul-racovita.ro\/wp\/wp-content\/uploads\/2026\/04\/image-12-294x270.png 294w\" sizes=\"auto, (max-width: 717px) 100vw, 717px\" \/><\/figure>\n<\/div>","protected":false},"excerpt":{"rendered":"<p>Examenul na\u021bional de bacalaureat 2026&nbsp;(ambele sesiuni) se va desf\u0103\u015fura&nbsp;\u00een conformitate cu&nbsp;prevederile&nbsp;ordinului de ministru nr. 6.059\/29.08.2025,&nbsp;prevederile art. 1 alin. (3) \u0219i ale art. 3 din&nbsp;Ordinul ministrului educa\u021biei nr. 6.072\/2023&nbsp;privind aprobarea unor m\u0103suri tranzitorii aplicabile la nivelul sistemului na\u021bional de \u00eenv\u0103\u021b\u0103m\u00e2nt preuniversitar <a href=\"https:\/\/colegiul-racovita.ro\/wp\/bacalaureat\/\" class=\"read-more\">Cite\u015fte mai mult &#8230;<\/a><\/p>\n","protected":false},"author":1,"featured_media":0,"parent":0,"menu_order":0,"comment_status":"closed","ping_status":"closed","template":"","meta":{"footnotes":""},"class_list":["post-336","page","type-page","status-publish","hentry"],"_links":{"self":[{"href":"https:\/\/colegiul-racovita.ro\/wp\/wp-json\/wp\/v2\/pages\/336","targetHints":{"allow":["GET"]}}],"collection":[{"href":"https:\/\/colegiul-racovita.ro\/wp\/wp-json\/wp\/v2\/pages"}],"about":[{"href":"https:\/\/colegiul-racovita.ro\/wp\/wp-json\/wp\/v2\/types\/page"}],"author":[{"embeddable":true,"href":"https:\/\/colegiul-racovita.ro\/wp\/wp-json\/wp\/v2\/users\/1"}],"replies":[{"embeddable":true,"href":"https:\/\/colegiul-racovita.ro\/wp\/wp-json\/wp\/v2\/comments?post=336"}],"version-history":[{"count":1,"href":"https:\/\/colegiul-racovita.ro\/wp\/wp-json\/wp\/v2\/pages\/336\/revisions"}],"predecessor-version":[{"id":340,"href":"https:\/\/colegiul-racovita.ro\/wp\/wp-json\/wp\/v2\/pages\/336\/revisions\/340"}],"wp:attachment":[{"href":"https:\/\/colegiul-racovita.ro\/wp\/wp-json\/wp\/v2\/media?parent=336"}],"curies":[{"name":"wp","href":"https:\/\/api.w.org\/{rel}","templated":true}]}}