{"id":660,"date":"2026-05-08T07:56:33","date_gmt":"2026-05-08T07:56:33","guid":{"rendered":"https:\/\/colegiul-racovita.ro\/wp\/?page_id=660"},"modified":"2026-05-08T07:59:00","modified_gmt":"2026-05-08T07:59:00","slug":"catalog-electronic-noteincatalog","status":"publish","type":"page","link":"https:\/\/colegiul-racovita.ro\/?page_id=660","title":{"rendered":"Catalog electronic &#8211; NoteInCatalog.ro"},"content":{"rendered":"\n<p class=\"has-large-font-size\">Primul pas : Ob\u021bine datele de acces pentru contul de p\u0103rinte<\/p>\n\n\n\n<p>Pentru a obtine datele de acces vei fi directionat pe pagina care iti va permite sa obtii aceste date, dar, mai intai, este bine sa stii care sunt pasii pe care ii vei urma:<br>1.vei introduce numele de familie al elevului, fara diacritice, adica fara \u0103,\u00ee,\u0219,\u021b,\u00e2. Daca numele de familie este B\u00ceCU, vei scrie BICU; daca elevul are doua nume de familie, atunci vei scrie POPESCU-IONESCU.<br>2.vei introduce numarul de telefon mobil inregistrat la scoala; trebuie sa ai la indemana telefonul pentru ca vei primi un cod de validare prin SMS, pe care pe care il vei utiliza pentru confirmarea telefonului<br>3.vei introduce o adresa de e-mail pe care vei primi datele de acces; trebuie sa ai acces la aceasta adresa de e-mail pentru ca vei primi un cod de validare pe adresa de e-mail introdusa, pe care il vei utiliza pentru confirmarea adresei de e-mail<br>4.dupa ce vei confirma adresa de e-mail si telefonul prin introducerea codurilor pe care ti le vom trimite, vei primi numele de utilizator si parolele de parinte si elev; daca ai mai multi copii cu acelasi nume de familie si care au acelasi numar de telefon la cont, vei primi datele de acces pentru toti.<br><strong>ATENTIE!<\/strong>&nbsp;Daca unul dintre copiii tai are o greseala in nume sau alt numar de telefon nu vei primi date de acces decat pentru cel care are numarul de telefon introdus de tine.<\/p>\n\n\n\n<p class=\"has-large-font-size\"><strong>Aplicatiile mobile<\/strong> <\/p>\n\n\n\n<p>Aplicatiile pentru parinti si elevi pot fi descarcate din GooglePlay, AppStore si AppGallery.<br><strong>Parinti<\/strong><br><a href=\"https:\/\/play.google.com\/store\/apps\/details?id=ro.bino.noteincatalogparinte&amp;hl=ro&amp;gl=US\">GooglePlay<\/a>&nbsp;,&nbsp;<a href=\"https:\/\/apps.apple.com\/ro\/app\/noteincatalog-parinti\/id1159457878\">AppStore<\/a>&nbsp;,&nbsp;<a href=\"https:\/\/appgallery.huawei.com\/#\/app\/C102343009\">AppGallery<\/a><br><strong>Elevi<\/strong><br><a href=\"https:\/\/play.google.com\/store\/apps\/details?id=ro.bino.noteincatalogelev&amp;hl=ro&amp;gl=US\">GooglePlay<\/a>&nbsp;,&nbsp;<a href=\"https:\/\/apps.apple.com\/ro\/app\/noteincatalog-elevi\/id1438555946\">AppStore<\/a>&nbsp;,&nbsp;<a href=\"https:\/\/appgallery.huawei.com\/app\/C102343025\">AppGallery<\/a><br>Pentru a instala noile versiuni in telefon acceseaza linkul potrivit telefonului tau sau deschide GooglePlay, AppStore sau AppGallery pe telefon si cauta NoteInCatalog parinti sau elevi, in functie de ce doresti sa instalezi.<br>Alege Instalare sau Actualizare, dupa caz, si ultima versiune a aplicatiei va fi instalata.<br><strong>IMPORTANT<\/strong><br>Aplica\u021bia mobil\u0103 afi\u0219eaz\u0103 informa\u021biile introduse de profesori \u00een timpul cursurilor, pe baza datelor sincronizate anterior cu serverul. Pentru vizualizarea mediei generale anuale, a penaliz\u0103rii din absen\u021be nemotivate sau a altor informa\u021bii specifice finalului de an \u0219colar, v\u0103 recomand\u0103m utilizarea versiunii pentru calculator, care consult\u0103 direct baza de date \u00een timp real \u0219i afi\u0219eaz\u0103 situa\u021bia complet\u0103. \u00cen aplica\u021bia mobil\u0103, unele date pot ap\u0103rea cu \u00eent\u00e2rziere \u00een cazul unei conexiuni la internet instabile sau al unei sincroniz\u0103ri incomplete.<\/p>\n\n\n\n<p class=\"has-large-font-size\"><strong>Resetare parol\u0103<\/strong><\/p>\n\n\n\n<ul class=\"wp-block-list\">\n<li>Dac\u0103 nu mai reg\u0103se\u0219ti mesajul cu datele de acces primite atunci c\u00e2nd ai utilizat NoteInCatalog pentru prima oar\u0103 po\u021bi utiliza linkul de mai jos pentru a genera noi date de acces.<br>Acceseaz\u0103 linkul, urmeaz\u0103 instruc\u021biunile \u0219i vei primi un mesaj prin e-mail, pe adresa de e-mail \u00eenregistrat\u0103 de tine la cont; acest mesaj va con\u021bine dou\u0103 linkuri, c\u00e2te unul pentru fiecare tip de cont: p\u0103rinte sau elev.<br>Utilizeaza linkurile o singur\u0103 dat\u0103, pentru contul la care nu ai acces, \u0219i vei ob\u021bine date noi de acces.<\/li>\n<\/ul>\n\n\n\n<p class=\"has-large-font-size\"><a href=\"https:\/\/noteincatalog.ro\/ajutor.php#text3\">\u00centreb\u0103ri frecvente <\/a><\/p>\n\n\n\n<p><\/p>\n","protected":false},"excerpt":{"rendered":"<p>Primul pas : Ob\u021bine datele de acces pentru contul de p\u0103rinte Pentru a obtine datele de acces vei fi directionat pe pagina care iti va permite sa obtii aceste date, dar, mai intai, este bine sa stii care sunt pasii <a href=\"https:\/\/colegiul-racovita.ro\/?page_id=660\" class=\"read-more\">Cite\u015fte mai mult &#8230;<\/a><\/p>\n","protected":false},"author":1,"featured_media":0,"parent":0,"menu_order":0,"comment_status":"closed","ping_status":"closed","template":"","meta":{"footnotes":""},"class_list":["post-660","page","type-page","status-publish","hentry"],"_links":{"self":[{"href":"https:\/\/colegiul-racovita.ro\/index.php?rest_route=\/wp\/v2\/pages\/660","targetHints":{"allow":["GET"]}}],"collection":[{"href":"https:\/\/colegiul-racovita.ro\/index.php?rest_route=\/wp\/v2\/pages"}],"about":[{"href":"https:\/\/colegiul-racovita.ro\/index.php?rest_route=\/wp\/v2\/types\/page"}],"author":[{"embeddable":true,"href":"https:\/\/colegiul-racovita.ro\/index.php?rest_route=\/wp\/v2\/users\/1"}],"replies":[{"embeddable":true,"href":"https:\/\/colegiul-racovita.ro\/index.php?rest_route=%2Fwp%2Fv2%2Fcomments&post=660"}],"version-history":[{"count":6,"href":"https:\/\/colegiul-racovita.ro\/index.php?rest_route=\/wp\/v2\/pages\/660\/revisions"}],"predecessor-version":[{"id":669,"href":"https:\/\/colegiul-racovita.ro\/index.php?rest_route=\/wp\/v2\/pages\/660\/revisions\/669"}],"wp:attachment":[{"href":"https:\/\/colegiul-racovita.ro\/index.php?rest_route=%2Fwp%2Fv2%2Fmedia&parent=660"}],"curies":[{"name":"wp","href":"https:\/\/api.w.org\/{rel}","templated":true}]}}