{"id":481,"date":"2026-05-04T07:41:10","date_gmt":"2026-05-04T07:41:10","guid":{"rendered":"https:\/\/colegiul-racovita.ro\/wp\/?page_id=481"},"modified":"2026-05-04T07:47:23","modified_gmt":"2026-05-04T07:47:23","slug":"plan-de-scolarizare","status":"publish","type":"page","link":"https:\/\/colegiul-racovita.ro\/?page_id=481","title":{"rendered":"Plan de \u0219colarizare"},"content":{"rendered":"\n<p class=\"has-large-font-size\">\u00cenv\u0103\u021b\u0103m\u00e2nt gimnazial: <\/p>\n\n\n\n<ul class=\"wp-block-list\">\n<li>1 clas\u0103 &#8211; 26 de locuri<\/li>\n<\/ul>\n\n\n\n<p class=\"has-large-font-size\">\u00cenv\u0103\u021b\u0103m\u00e2nt liceal:<\/p>\n\n\n\n<ul class=\"wp-block-list\">\n<li>3 clase &#8211; 78 locuri &#8211; Profil REAL \u0218tiin\u021be ale Naturii <\/li>\n\n\n\n<li>1 clas\u0103 &#8211; 26 locuri &#8211; Profil REAL \u0218tiin\u021be ale Naturii intensiv limba englez\u0103<\/li>\n\n\n\n<li>1 clas\u0103 &#8211; 26 locuri &#8211; Profil REAL Matematic\u0103 Informatic\u0103<\/li>\n\n\n\n<li>1 clas\u0103 &#8211; 26 locuri &#8211; Profil UMAN \u0218tiin\u021be sociale bilingv limba englez\u0103<\/li>\n<\/ul>\n\n\n\n<p><\/p>\n","protected":false},"excerpt":{"rendered":"<p>\u00cenv\u0103\u021b\u0103m\u00e2nt gimnazial: \u00cenv\u0103\u021b\u0103m\u00e2nt liceal:<\/p>\n","protected":false},"author":1,"featured_media":0,"parent":0,"menu_order":0,"comment_status":"closed","ping_status":"closed","template":"","meta":{"footnotes":""},"class_list":["post-481","page","type-page","status-publish","hentry"],"_links":{"self":[{"href":"https:\/\/colegiul-racovita.ro\/index.php?rest_route=\/wp\/v2\/pages\/481","targetHints":{"allow":["GET"]}}],"collection":[{"href":"https:\/\/colegiul-racovita.ro\/index.php?rest_route=\/wp\/v2\/pages"}],"about":[{"href":"https:\/\/colegiul-racovita.ro\/index.php?rest_route=\/wp\/v2\/types\/page"}],"author":[{"embeddable":true,"href":"https:\/\/colegiul-racovita.ro\/index.php?rest_route=\/wp\/v2\/users\/1"}],"replies":[{"embeddable":true,"href":"https:\/\/colegiul-racovita.ro\/index.php?rest_route=%2Fwp%2Fv2%2Fcomments&post=481"}],"version-history":[{"count":3,"href":"https:\/\/colegiul-racovita.ro\/index.php?rest_route=\/wp\/v2\/pages\/481\/revisions"}],"predecessor-version":[{"id":486,"href":"https:\/\/colegiul-racovita.ro\/index.php?rest_route=\/wp\/v2\/pages\/481\/revisions\/486"}],"wp:attachment":[{"href":"https:\/\/colegiul-racovita.ro\/index.php?rest_route=%2Fwp%2Fv2%2Fmedia&parent=481"}],"curies":[{"name":"wp","href":"https:\/\/api.w.org\/{rel}","templated":true}]}}