{"id":389,"date":"2026-04-30T11:04:38","date_gmt":"2026-04-30T11:04:38","guid":{"rendered":"https:\/\/colegiul-racovita.ro\/wp\/?page_id=389"},"modified":"2026-04-30T11:04:38","modified_gmt":"2026-04-30T11:04:38","slug":"ne-pregatim-pentru-lumea-de-maine-cu-stiam-ne-pregatim-pentru-lumea-de-maine-cu-stiinta-tehnologie-inginerie-arta-matematica-colegiul-emil-racovita-brasov","status":"publish","type":"page","link":"https:\/\/colegiul-racovita.ro\/?page_id=389","title":{"rendered":"\u201dNE PREG\u0102TIM PENTRU LUMEA DE M\u00c2INE CU STIAM\u201d (\u201dNE PREG\u0102TIM PENTRU LUMEA DE M\u00c2INE CU \u0218TIIN\u021a\u0102, TEHNOLOGIE, INGINERIE, ART\u0102, MATEMATIC\u0102\u201d)&#8221; &#8211; COLEGIUL EMIL RACOVITA BRASOV"},"content":{"rendered":"<div class=\"wp-block-image\">\n<figure class=\"aligncenter size-large\"><img loading=\"lazy\" decoding=\"async\" width=\"719\" height=\"1024\" src=\"https:\/\/colegiul-racovita.ro\/wp\/wp-content\/uploads\/2026\/04\/image-14-719x1024.png\" alt=\"\" class=\"wp-image-390\" srcset=\"https:\/\/colegiul-racovita.ro\/wp\/wp-content\/uploads\/2026\/04\/image-14-719x1024.png 719w, https:\/\/colegiul-racovita.ro\/wp\/wp-content\/uploads\/2026\/04\/image-14-211x300.png 211w, https:\/\/colegiul-racovita.ro\/wp\/wp-content\/uploads\/2026\/04\/image-14-768x1094.png 768w, https:\/\/colegiul-racovita.ro\/wp\/wp-content\/uploads\/2026\/04\/image-14-189x270.png 189w, https:\/\/colegiul-racovita.ro\/wp\/wp-content\/uploads\/2026\/04\/image-14.png 1040w\" sizes=\"auto, (max-width: 719px) 100vw, 719px\" \/><\/figure>\n<\/div>","protected":false},"excerpt":{"rendered":"","protected":false},"author":1,"featured_media":0,"parent":0,"menu_order":0,"comment_status":"closed","ping_status":"closed","template":"","meta":{"footnotes":""},"class_list":["post-389","page","type-page","status-publish","hentry"],"_links":{"self":[{"href":"https:\/\/colegiul-racovita.ro\/index.php?rest_route=\/wp\/v2\/pages\/389","targetHints":{"allow":["GET"]}}],"collection":[{"href":"https:\/\/colegiul-racovita.ro\/index.php?rest_route=\/wp\/v2\/pages"}],"about":[{"href":"https:\/\/colegiul-racovita.ro\/index.php?rest_route=\/wp\/v2\/types\/page"}],"author":[{"embeddable":true,"href":"https:\/\/colegiul-racovita.ro\/index.php?rest_route=\/wp\/v2\/users\/1"}],"replies":[{"embeddable":true,"href":"https:\/\/colegiul-racovita.ro\/index.php?rest_route=%2Fwp%2Fv2%2Fcomments&post=389"}],"version-history":[{"count":1,"href":"https:\/\/colegiul-racovita.ro\/index.php?rest_route=\/wp\/v2\/pages\/389\/revisions"}],"predecessor-version":[{"id":391,"href":"https:\/\/colegiul-racovita.ro\/index.php?rest_route=\/wp\/v2\/pages\/389\/revisions\/391"}],"wp:attachment":[{"href":"https:\/\/colegiul-racovita.ro\/index.php?rest_route=%2Fwp%2Fv2%2Fmedia&parent=389"}],"curies":[{"name":"wp","href":"https:\/\/api.w.org\/{rel}","templated":true}]}}