{"id":334,"date":"2026-04-30T08:47:37","date_gmt":"2026-04-30T08:47:37","guid":{"rendered":"https:\/\/colegiul-racovita.ro\/wp\/?page_id=334"},"modified":"2026-04-30T08:47:38","modified_gmt":"2026-04-30T08:47:38","slug":"admitere-liceu","status":"publish","type":"page","link":"https:\/\/colegiul-racovita.ro\/?page_id=334","title":{"rendered":"Admitere liceu"},"content":{"rendered":"\n<p><em>Admiterea absolven\u021bilor clasei a VIII-a \u00een \u00eenv\u0103\u021b\u0103m\u00e2ntul liceal de stat\u00a0pentru\u00a0anul \u015fcolar 2026 \u2013 2027\u00a0se va desf\u0103\u0219ura\u00a0potrivit prevederilor\u00a0<\/em><a rel=\"noreferrer noopener\" href=\"https:\/\/www.edu.ro\/sites\/default\/files\/_fi%C8%99iere\/Legislatie\/2025\/Anexa-OMEC-6060-Calendar-Admitere-Liceu-2026-2027.pdf\" target=\"_blank\"><strong>Ordinului nr. 6.060\/29.08.2025<\/strong><\/a><em>\u00a0\u0219i a\u00a0anexelor\u00a0aferente, respectiv ale\u00a0<a rel=\"noreferrer noopener\" href=\"https:\/\/www.edu.ro\/sites\/default\/files\/_fi%C8%99iere\/Legislatie\/2016\/Metodologie-cadru-admitere_liceu_2010.pdf\" target=\"_blank\"><strong>Metodologiei-cadru de organizare \u015fi desf\u0103\u015furare a admiterii \u00een \u00eenv\u0103\u0163\u0103m\u00e2ntul liceal de stat pentru anul \u015fcolar 2011 \u2013 2012<\/strong><\/a>\u00a0(aprobat\u0103 prin ordinul ministrului educa\u0163iei, cercet\u0103rii, tineretului \u015fi sportului nr.\u00a04.802\/2010).<\/em><\/p>\n\n\n\n<ul class=\"wp-block-list\">\n<li><a rel=\"noreferrer noopener\" href=\"https:\/\/www.edu.ro\/sites\/default\/files\/_fi%C8%99iere\/Legislatie\/2025\/Calendar-Admitere-Liceu-2026-2027.pdf\" target=\"_blank\"><strong>Calendar admitere liceu 2026 \u2013 2027<\/strong><\/a><\/li>\n<\/ul>\n\n\n\n<blockquote class=\"wp-block-quote is-layout-flow wp-block-quote-is-layout-flow\">\n<p class=\"has-black-color has-text-color\"><strong>\u00cen sprijinul elevilor, p\u0103rin\u021bilor\/tutorilor legali, dirigin\u021bilor!<\/strong><\/p>\n<\/blockquote>\n\n\n\n<ul class=\"wp-block-list\">\n<li><strong>Prezentare general\u0103 \u2013&nbsp;<a href=\"https:\/\/isjbrasov.ro\/images\/Prezentare_admitere_2026-2027.pdf\">aici<\/a><\/strong><\/li>\n\n\n\n<li><strong>Prezentare parcurs liceu tehnologic \u2013&nbsp;<a href=\"https:\/\/isjbrasov.ro\/images\/Parcurs_liceu_tehnologic.pdf\">aici<\/a><\/strong><\/li>\n<\/ul>\n","protected":false},"excerpt":{"rendered":"<p>Admiterea absolven\u021bilor clasei a VIII-a \u00een \u00eenv\u0103\u021b\u0103m\u00e2ntul liceal de stat\u00a0pentru\u00a0anul \u015fcolar 2026 \u2013 2027\u00a0se va desf\u0103\u0219ura\u00a0potrivit prevederilor\u00a0Ordinului nr. 6.060\/29.08.2025\u00a0\u0219i a\u00a0anexelor\u00a0aferente, respectiv ale\u00a0Metodologiei-cadru de organizare \u015fi desf\u0103\u015furare a admiterii \u00een \u00eenv\u0103\u0163\u0103m\u00e2ntul liceal de stat pentru anul \u015fcolar 2011 \u2013 2012\u00a0(aprobat\u0103 prin <a href=\"https:\/\/colegiul-racovita.ro\/?page_id=334\" class=\"read-more\">Cite\u015fte mai mult &#8230;<\/a><\/p>\n","protected":false},"author":1,"featured_media":0,"parent":0,"menu_order":0,"comment_status":"closed","ping_status":"closed","template":"","meta":{"footnotes":""},"class_list":["post-334","page","type-page","status-publish","hentry"],"_links":{"self":[{"href":"https:\/\/colegiul-racovita.ro\/index.php?rest_route=\/wp\/v2\/pages\/334","targetHints":{"allow":["GET"]}}],"collection":[{"href":"https:\/\/colegiul-racovita.ro\/index.php?rest_route=\/wp\/v2\/pages"}],"about":[{"href":"https:\/\/colegiul-racovita.ro\/index.php?rest_route=\/wp\/v2\/types\/page"}],"author":[{"embeddable":true,"href":"https:\/\/colegiul-racovita.ro\/index.php?rest_route=\/wp\/v2\/users\/1"}],"replies":[{"embeddable":true,"href":"https:\/\/colegiul-racovita.ro\/index.php?rest_route=%2Fwp%2Fv2%2Fcomments&post=334"}],"version-history":[{"count":1,"href":"https:\/\/colegiul-racovita.ro\/index.php?rest_route=\/wp\/v2\/pages\/334\/revisions"}],"predecessor-version":[{"id":335,"href":"https:\/\/colegiul-racovita.ro\/index.php?rest_route=\/wp\/v2\/pages\/334\/revisions\/335"}],"wp:attachment":[{"href":"https:\/\/colegiul-racovita.ro\/index.php?rest_route=%2Fwp%2Fv2%2Fmedia&parent=334"}],"curies":[{"name":"wp","href":"https:\/\/api.w.org\/{rel}","templated":true}]}}