{"id":2,"date":"2024-03-26T10:13:04","date_gmt":"2024-03-26T10:13:04","guid":{"rendered":"https:\/\/colegiul-racovita.ro\/wp\/?page_id=2"},"modified":"2026-05-04T11:04:53","modified_gmt":"2026-05-04T11:04:53","slug":"pagina-exemplu","status":"publish","type":"page","link":"https:\/\/colegiul-racovita.ro\/?page_id=2","title":{"rendered":"Personal &#8211; an \u0219colar 2025-2026"},"content":{"rendered":"\n<p class=\"has-large-font-size\">Personal de conducere : <\/p>\n\n\n\n<ul class=\"wp-block-list\">\n<li class=\"has-normal-font-size\"><strong>Georgeta Sima<\/strong>&nbsp;&#8211; director<\/li>\n\n\n\n<li><strong>Frangu Maria &#8211;&nbsp;<\/strong>director adjunct<\/li>\n<\/ul>\n\n\n\n<p class=\"has-large-font-size\">Personal didactic de predare: <\/p>\n\n\n\n<p><strong>Catedra de limba \u0219i literatura rom\u00e2n\u0103<\/strong>:<\/p>\n\n\n\n<ul class=\"wp-block-list\">\n<li>Dr\u0103ghici M\u0103d\u0103lina<\/li>\n\n\n\n<li>Lica Roxana<\/li>\n\n\n\n<li>Munteanu Adelina<\/li>\n\n\n\n<li>Pap Ramona<\/li>\n\n\n\n<li>Zall Karin<\/li>\n<\/ul>\n\n\n\n<p><strong>Catedra de matematic\u0103<\/strong><\/p>\n\n\n\n<ul class=\"wp-block-list\">\n<li>Chetreanu George<\/li>\n\n\n\n<li>Fratiloiu Claudiu<\/li>\n\n\n\n<li>Fr\u0103sinescu Iulian<\/li>\n\n\n\n<li>Holban Ionela<\/li>\n\n\n\n<li>Manu Cosmina<\/li>\n\n\n\n<li>Stoian Sorina<\/li>\n\n\n\n<li>Uretu Bogdan<\/li>\n<\/ul>\n\n\n\n<p><strong>Catedra de limba \u0219i literatura Englez\u0103<\/strong><\/p>\n\n\n\n<ul class=\"wp-block-list\">\n<li>Dobre Maria<\/li>\n\n\n\n<li>Horga Stefania<\/li>\n\n\n\n<li>M\u0103nescu Cristina<\/li>\n\n\n\n<li>Mihalache Oana<\/li>\n\n\n\n<li>Popa Corina<\/li>\n<\/ul>\n\n\n\n<p><strong>Catedra de limba \u0219i literatura Francez\u0103<\/strong><\/p>\n\n\n\n<ul class=\"wp-block-list\">\n<li>Babiac Valentina<\/li>\n\n\n\n<li>Damian Dana<\/li>\n\n\n\n<li>Stefanescu Ana<\/li>\n<\/ul>\n\n\n\n<p><strong>Catedra de limba German\u0103 modern\u0103<\/strong><\/p>\n\n\n\n<ul class=\"wp-block-list\">\n<li>H\u0103ineala Dalma<\/li>\n\n\n\n<li>Frunz\u0103 Elisabeta<\/li>\n<\/ul>\n\n\n\n<p><strong>Catedra de Fizic\u0103<\/strong><\/p>\n\n\n\n<ul class=\"wp-block-list\">\n<li>Florea Gabriela<\/li>\n\n\n\n<li>Frangu Maria<\/li>\n\n\n\n<li>Marcu \u0218tefania<\/li>\n\n\n\n<li>Pruteanu Dan<\/li>\n\n\n\n<li>Sansebes Eugen<\/li>\n<\/ul>\n\n\n\n<p><strong>Catedra de Chimie<\/strong><\/p>\n\n\n\n<ul class=\"wp-block-list\">\n<li>Cimpoiesu Mihaela<\/li>\n\n\n\n<li>Donici George<\/li>\n\n\n\n<li>Hodoleanu Daniela<\/li>\n<\/ul>\n\n\n\n<p><strong>Catedra de Biologie<\/strong><\/p>\n\n\n\n<ul class=\"wp-block-list\">\n<li>Mih\u0103lcescu Cristina<\/li>\n\n\n\n<li>Sima Georgeta<\/li>\n\n\n\n<li>S\u00eerbu Marcela<\/li>\n<\/ul>\n\n\n\n<p><strong>Catedra de Istorie<\/strong><\/p>\n\n\n\n<ul class=\"wp-block-list\">\n<li>Anghel Adina<\/li>\n\n\n\n<li>Lambru Bianca<\/li>\n\n\n\n<li>Anastasoaie Alexandru<\/li>\n<\/ul>\n\n\n\n<p><strong>Catedra de Geografie<\/strong><\/p>\n\n\n\n<ul class=\"wp-block-list\">\n<li>Moldovan&nbsp;Cristina<\/li>\n\n\n\n<li>Nincovici Ovidiu<\/li>\n<\/ul>\n\n\n\n<p><strong>Catedra de \u0219tiin\u021be Socio-Umane<\/strong><\/p>\n\n\n\n<ul class=\"wp-block-list\">\n<li>Floristeanu Gabriela<\/li>\n\n\n\n<li>Mititelu Iulian<\/li>\n\n\n\n<li>Marinescu Laura<\/li>\n\n\n\n<li>Murea C\u0103lin<\/li>\n\n\n\n<li>Popa Mihaela<\/li>\n<\/ul>\n\n\n\n<p><strong>Catedra de religie<\/strong><\/p>\n\n\n\n<ul class=\"wp-block-list\">\n<li>Patranjel Daniela<\/li>\n\n\n\n<li>To\u0219u Mirela<\/li>\n<\/ul>\n\n\n\n<p><strong>Catedra de Informatic\u0103<\/strong><\/p>\n\n\n\n<ul class=\"wp-block-list\">\n<li>Langa Olivia<\/li>\n\n\n\n<li>Mesincescu Cristina<\/li>\n\n\n\n<li>\u0218tefan Oana<\/li>\n<\/ul>\n\n\n\n<p><strong>Catedra de educa\u021bie muzical\u0103, plastic\u0103, tehnologic\u0103, ed. fizic\u0103 \u0219i sport<\/strong><\/p>\n\n\n\n<ul class=\"wp-block-list\">\n<li>Cristea Manuela<\/li>\n\n\n\n<li>Ganea Adriana<\/li>\n\n\n\n<li>Benedek Gizella<\/li>\n\n\n\n<li>Muntean Ada Lorena<\/li>\n\n\n\n<li>Vasile Silvia<\/li>\n<\/ul>\n\n\n\n<p class=\"has-large-font-size\"><strong>Personal didactic auxiliar:<\/strong><\/p>\n\n\n\n<ul class=\"wp-block-list\">\n<li>Dori\u021ba Corbo\u0219 &#8211; Contabil \u0218ef<\/li>\n\n\n\n<li>Lumini\u021ba Cristea&nbsp;&#8211; Secretar \u0218ef<\/li>\n\n\n\n<li>Floren\u021ba Br\u0103gar &#8211; Secretar<\/li>\n\n\n\n<li>Roxana&nbsp;Rehner &#8211; Bibliotecar<\/li>\n\n\n\n<li>Loredana Voicu &#8211; Administrator<\/li>\n\n\n\n<li>Mircea N\u0103n\u0103u &#8211; Inginer de sistem<\/li>\n\n\n\n<li>Ciprian Mihoreanu &#8211; Laborant<\/li>\n<\/ul>\n\n\n\n<p class=\"has-large-font-size\"><strong>Personal nedidactic:<\/strong><\/p>\n\n\n\n<ul class=\"wp-block-list\">\n<li>Neac\u0219a Ib\u0103ni\u0219teanu &#8211; Paznic<\/li>\n\n\n\n<li>Maria V\u0103idean &#8211; \u00cengrijitoare<\/li>\n\n\n\n<li>Bursucanu Maria &#8211; \u00cengrijitoare<\/li>\n\n\n\n<li>Cernucan Ciprian &#8211; Muncitor<\/li>\n<\/ul>\n","protected":false},"excerpt":{"rendered":"<p>Personal de conducere : Personal didactic de predare: Catedra de limba \u0219i literatura rom\u00e2n\u0103: Catedra de matematic\u0103 Catedra de limba \u0219i literatura Englez\u0103 Catedra de limba \u0219i literatura Francez\u0103 Catedra de limba German\u0103 modern\u0103 Catedra de Fizic\u0103 Catedra de Chimie <a href=\"https:\/\/colegiul-racovita.ro\/?page_id=2\" class=\"read-more\">Cite\u015fte mai mult &#8230;<\/a><\/p>\n","protected":false},"author":1,"featured_media":0,"parent":0,"menu_order":0,"comment_status":"closed","ping_status":"open","template":"","meta":{"footnotes":""},"class_list":["post-2","page","type-page","status-publish","hentry"],"_links":{"self":[{"href":"https:\/\/colegiul-racovita.ro\/index.php?rest_route=\/wp\/v2\/pages\/2","targetHints":{"allow":["GET"]}}],"collection":[{"href":"https:\/\/colegiul-racovita.ro\/index.php?rest_route=\/wp\/v2\/pages"}],"about":[{"href":"https:\/\/colegiul-racovita.ro\/index.php?rest_route=\/wp\/v2\/types\/page"}],"author":[{"embeddable":true,"href":"https:\/\/colegiul-racovita.ro\/index.php?rest_route=\/wp\/v2\/users\/1"}],"replies":[{"embeddable":true,"href":"https:\/\/colegiul-racovita.ro\/index.php?rest_route=%2Fwp%2Fv2%2Fcomments&post=2"}],"version-history":[{"count":9,"href":"https:\/\/colegiul-racovita.ro\/index.php?rest_route=\/wp\/v2\/pages\/2\/revisions"}],"predecessor-version":[{"id":623,"href":"https:\/\/colegiul-racovita.ro\/index.php?rest_route=\/wp\/v2\/pages\/2\/revisions\/623"}],"wp:attachment":[{"href":"https:\/\/colegiul-racovita.ro\/index.php?rest_route=%2Fwp%2Fv2%2Fmedia&parent=2"}],"curies":[{"name":"wp","href":"https:\/\/api.w.org\/{rel}","templated":true}]}}